{"id":436,"date":"2025-03-26T18:07:26","date_gmt":"2025-03-26T18:07:26","guid":{"rendered":"https:\/\/www.lapuanpienkonehuolto.fi\/?page_id=436"},"modified":"2025-03-26T18:07:26","modified_gmt":"2025-03-26T18:07:26","slug":"noutopalvelu","status":"publish","type":"page","link":"https:\/\/www.lapuanpienkonehuolto.fi\/index.php\/noutopalvelu\/","title":{"rendered":"Noutopalvelu"},"content":{"rendered":"\n<div id=\"price\" class=\"wp-block-group is-layout-constrained wp-block-group-is-layout-constrained\">\n<h2 class=\"wp-block-heading has-text-align-center\" style=\"margin-top:var(--wp--preset--spacing--50);margin-bottom:0\">Noutopalvelu<\/h2>\n\n\n\n<hr class=\"wp-block-separator has-alpha-channel-opacity\"\/>\n\n\n\n<h2 class=\"wp-block-heading has-text-align-center\">Noutopalvelun Hinnoittelu<\/h2>\n\n\n\n<h3 class=\"wp-block-heading has-text-align-center\">Kausihuoltojen Yhteydess\u00e4<\/h3>\n\n\n\n<ul class=\"wp-block-list\">\n<li>Noutopalvelu on <strong>veloitukseton<\/strong> toimipisteest\u00e4mme <strong>5 km<\/strong> s\u00e4teell\u00e4.<\/li>\n<\/ul>\n\n\n\n<h3 class=\"wp-block-heading has-text-align-center\">Ylimenev\u00e4t Matkat<\/h3>\n\n\n\n<ul class=\"wp-block-list\">\n<li>Nouto- ja palautuspalvelu yli <strong>5 km<\/strong> matkalle: <strong>0,50 \u20ac\/km<\/strong>.<\/li>\n\n\n\n<li>Yli 40Km Matkat +35\u20ac\/tunti\n<ul class=\"wp-block-list\">\n<li>Matka lasketaan meno-paluu -matkana toimipisteest\u00e4mme.<\/li>\n<\/ul>\n<\/li>\n<\/ul>\n\n\n\n<h3 class=\"wp-block-heading has-text-align-center\">Suuremmat Koneet<\/h3>\n\n\n\n<ul class=\"wp-block-list\">\n<li><strong>Ajettavaa ruohonleikkuria suurempien koneiden<\/strong> nouto- ja palautuspalvelu hinnoitellaan <strong>erikseen<\/strong> tapauskohtaisesti.\n<ul class=\"wp-block-list\">\n<li>Pyyd\u00e4 tarjousta ottamalla yhteytt\u00e4 toimipisteeseemme.<\/li>\n<\/ul>\n<\/li>\n<\/ul>\n\n\n\n<h3 class=\"wp-block-heading has-text-align-center\">Huomioitavaa<\/h3>\n\n\n\n<ul class=\"wp-block-list\">\n<li>Noutopalvelu on k\u00e4ytett\u00e4viss\u00e4 ainoastaan ennakkoon sovittuna ajankohtana.<\/li>\n\n\n\n<li>Kaikki kuljetettavat koneet tulee olla puhdistettuina, ja niiss\u00e4 tulee olla tarvittavat tiedot huoltoa varten.<\/li>\n<\/ul>\n<\/div>\n","protected":false},"excerpt":{"rendered":"","protected":false},"author":1,"featured_media":0,"parent":0,"menu_order":0,"comment_status":"closed","ping_status":"closed","template":"","meta":{"footnotes":""},"class_list":["post-436","page","type-page","status-publish","hentry"],"aioseo_notices":[],"_links":{"self":[{"href":"https:\/\/www.lapuanpienkonehuolto.fi\/index.php\/wp-json\/wp\/v2\/pages\/436","targetHints":{"allow":["GET"]}}],"collection":[{"href":"https:\/\/www.lapuanpienkonehuolto.fi\/index.php\/wp-json\/wp\/v2\/pages"}],"about":[{"href":"https:\/\/www.lapuanpienkonehuolto.fi\/index.php\/wp-json\/wp\/v2\/types\/page"}],"author":[{"embeddable":true,"href":"https:\/\/www.lapuanpienkonehuolto.fi\/index.php\/wp-json\/wp\/v2\/users\/1"}],"replies":[{"embeddable":true,"href":"https:\/\/www.lapuanpienkonehuolto.fi\/index.php\/wp-json\/wp\/v2\/comments?post=436"}],"version-history":[{"count":1,"href":"https:\/\/www.lapuanpienkonehuolto.fi\/index.php\/wp-json\/wp\/v2\/pages\/436\/revisions"}],"predecessor-version":[{"id":438,"href":"https:\/\/www.lapuanpienkonehuolto.fi\/index.php\/wp-json\/wp\/v2\/pages\/436\/revisions\/438"}],"wp:attachment":[{"href":"https:\/\/www.lapuanpienkonehuolto.fi\/index.php\/wp-json\/wp\/v2\/media?parent=436"}],"curies":[{"name":"wp","href":"https:\/\/api.w.org\/{rel}","templated":true}]}}